{"id":29036,"date":"2025-09-12T17:14:56","date_gmt":"2025-09-12T17:14:56","guid":{"rendered":"https:\/\/explore.steine.info\/?post_type=product&#038;p=29036"},"modified":"2026-04-08T11:07:13","modified_gmt":"2026-04-08T11:07:13","slug":"21278-ein-verwuester-am-pluenderer-aussenposten","status":"publish","type":"product","link":"https:\/\/explore.steine.info\/de\/produkt\/21278-ein-verwuester-am-pluenderer-aussenposten\/","title":{"rendered":"21278 Ein Verw\u00fcster am Pl\u00fcnderer-Au\u00dfenposten"},"content":{"rendered":"","protected":false},"excerpt":{"rendered":"","protected":false},"featured_media":28009,"comment_status":"open","ping_status":"closed","template":"","meta":{"_acf_changed":false},"product_cat":[5500],"product_tag":[2437],"class_list":{"0":"post-29036","1":"product","2":"type-product","3":"status-publish","4":"has-post-thumbnail","6":"product_cat-lego-minecraft-2","7":"product_tag-fourth-age-block","8":"pa_ages-9-2","10":"first","11":"instock","12":"shipping-taxable","13":"purchasable","14":"product-type-simple"},"acf":[],"_links":{"self":[{"href":"https:\/\/explore.steine.info\/de\/wp-json\/wp\/v2\/product\/29036","targetHints":{"allow":["GET"]}}],"collection":[{"href":"https:\/\/explore.steine.info\/de\/wp-json\/wp\/v2\/product"}],"about":[{"href":"https:\/\/explore.steine.info\/de\/wp-json\/wp\/v2\/types\/product"}],"replies":[{"embeddable":true,"href":"https:\/\/explore.steine.info\/de\/wp-json\/wp\/v2\/comments?post=29036"}],"wp:featuredmedia":[{"embeddable":true,"href":"https:\/\/explore.steine.info\/de\/wp-json\/wp\/v2\/media\/28009"}],"wp:attachment":[{"href":"https:\/\/explore.steine.info\/de\/wp-json\/wp\/v2\/media?parent=29036"}],"wp:term":[{"taxonomy":"product_cat","embeddable":true,"href":"https:\/\/explore.steine.info\/de\/wp-json\/wp\/v2\/product_cat?post=29036"},{"taxonomy":"product_tag","embeddable":true,"href":"https:\/\/explore.steine.info\/de\/wp-json\/wp\/v2\/product_tag?post=29036"}],"curies":[{"name":"wp","href":"https:\/\/api.w.org\/{rel}","templated":true}]}}